{"id":2158,"date":"2020-04-15T20:23:29","date_gmt":"2020-04-15T20:23:29","guid":{"rendered":"http:\/\/sheafmediagroup.com\/politica-de-privacidad\/"},"modified":"2026-01-02T04:46:55","modified_gmt":"2026-01-02T04:46:55","slug":"politica-de-privacidad","status":"publish","type":"page","link":"https:\/\/sheafmediagroup.com\/es\/politica-de-privacidad\/","title":{"rendered":"Pol\u00edtica de privacidad"},"content":{"rendered":"\n<h4 class=\"wp-block-heading\">Introducci\u00f3n<\/h4>\n\n<p>Bienvenido a Sheaf Media Group. Estamos comprometidos a proteger tu privacidad y garantizar la seguridad de tu informaci\u00f3n personal. Esta pol\u00edtica de privacidad describe c\u00f3mo recopilamos, usamos y protegemos tu informaci\u00f3n cuando visitas nuestro sitio web: <a href=\"https:\/\/sheafmediagroup.com\/es\/\">https:\/\/sheafmediagroup.com.<\/a>  <\/p>\n\n<h4 class=\"wp-block-heading\">Informaci\u00f3n que recopilamos<\/h4>\n\n<p>Cuando visitas nuestro sitio web y completas nuestro formulario de contacto, recopilamos la siguiente informaci\u00f3n personal:<\/p>\n\n<ul class=\"wp-block-list\">\n<li>Nombre completo.<\/li>\n\n\n\n<li>Direcci\u00f3n de correo electr\u00f3nico.<\/li>\n\n\n\n<li>N\u00famero de tel\u00e9fono.<\/li>\n\n\n\n<li>Nombre de la empresa.<\/li>\n\n\n\n<li>URL del negocio.<\/li>\n\n\n\n<li>Objetivos y metas del negocio.<\/li>\n<\/ul>\n\n<h4 class=\"wp-block-heading\">Finalidad de la recopilaci\u00f3n de informaci\u00f3n<\/h4>\n\n<p>La informaci\u00f3n que recopilamos se utiliza \u00fanicamente con el fin de proporcionarte una cotizaci\u00f3n espec\u00edfica basada en tus necesidades. No utilizamos tu informaci\u00f3n personal para ning\u00fan otro prop\u00f3sito. <\/p>\n\n<h4 class=\"wp-block-heading\">C\u00f3mo usamos tu informaci\u00f3n<\/h4>\n\n<p>La informaci\u00f3n personal que proporcionas se utiliza para:<\/p>\n\n<ul class=\"wp-block-list\">\n<li>Responder a tus consultas.<\/li>\n\n\n\n<li>Proporcionarte un plan de marketing personalizado.<\/li>\n\n\n\n<li>Mejorar nuestros servicios y nuestro sitio web.<\/li>\n<\/ul>\n\n<p>No compartimos, vendemos ni alquilamos tu informaci\u00f3n personal a terceros.<\/p>\n\n<h4 class=\"wp-block-heading\">Uso de p\u00edxeles de seguimiento<\/h4>\n\n<p>Utilizamos p\u00edxeles de seguimiento en nuestro sitio web para mejorar nuestros esfuerzos publicitarios. Estos p\u00edxeles nos ayudan a mostrarte anuncios relevantes en funci\u00f3n de tu comportamiento de navegaci\u00f3n en nuestro sitio. Los datos recopilados a trav\u00e9s de los p\u00edxeles de seguimiento son an\u00f3nimos y no est\u00e1n vinculados a tu informaci\u00f3n personal.  <\/p>\n\n<h4 class=\"wp-block-heading\">Seguridad de los datos<\/h4>\n\n<p>Implementamos diversas medidas de seguridad para mantener protegida tu informaci\u00f3n personal. Tus datos se almacenan en entornos seguros y solo son accesibles para el personal autorizado. <\/p>\n\n<h4 class=\"wp-block-heading\">Tu consentimiento<\/h4>\n\n<p>Al usar nuestro sitio web y proporcionar tu informaci\u00f3n personal, aceptas la recopilaci\u00f3n y el uso de tu informaci\u00f3n seg\u00fan se describe en esta pol\u00edtica de privacidad.<\/p>\n\n<h4 class=\"wp-block-heading\">Cambios en nuestra pol\u00edtica de privacidad<\/h4>\n\n<p>Nos reservamos el derecho de actualizar o modificar esta pol\u00edtica de privacidad en cualquier momento. Cualquier cambio se publicar\u00e1 en esta p\u00e1gina con una fecha de revisi\u00f3n actualizada. Te recomendamos revisar esta pol\u00edtica peri\u00f3dicamente para mantenerte informado sobre c\u00f3mo estamos protegiendo tu informaci\u00f3n.  <\/p>\n\n<h4 class=\"wp-block-heading\">Contacta con nosotros<\/h4>\n\n<p>Si tienes alguna pregunta o inquietud sobre nuestra pol\u00edtica de privacidad o tu informaci\u00f3n personal, por favor cont\u00e1ctanos en:<\/p>\n\n<p><strong>Sheaf Media Group<\/strong><br\/>Correo electr\u00f3nico: info@sheafmediagroup.com<\/p>\n\n<hr class=\"wp-block-separator has-alpha-channel-opacity\"\/>\n\n<h3 class=\"wp-block-heading\">Pr\u00e1cticas de recopilaci\u00f3n de informaci\u00f3n personal<\/h3>\n\n<h4 class=\"wp-block-heading\">Pr\u00e1cticas de recopilaci\u00f3n<\/h4>\n\n<p>Sheaf Media Group recopila informaci\u00f3n personal a trav\u00e9s del formulario de contacto de nuestro sitio web. La informaci\u00f3n recopilada incluye:<\/p>\n\n<ul class=\"wp-block-list\">\n<li>Nombre completo.<\/li>\n\n\n\n<li>Direcci\u00f3n de correo electr\u00f3nico.<\/li>\n\n\n\n<li>N\u00famero de tel\u00e9fono.<\/li>\n\n\n\n<li>Nombre de la empresa.<\/li>\n\n\n\n<li>URL del negocio.<\/li>\n\n\n\n<li>Objetivos y metas del negocio.<\/li>\n<\/ul>\n\n<h4 class=\"wp-block-heading\">Finalidad de la recopilaci\u00f3n<\/h4>\n\n<p>El \u00fanico prop\u00f3sito de recopilar esta informaci\u00f3n es proporcionarte una cotizaci\u00f3n espec\u00edfica adaptada a tus necesidades. No utilizamos esta informaci\u00f3n para ning\u00fan otro fin, ni la compartimos con terceros. <\/p>\n\n<h4 class=\"wp-block-heading\">Almacenamiento y seguridad de los datos<\/h4>\n\n<p>Todos los datos recopilados se almacenan de forma segura y solo son accesibles para el personal autorizado dentro de Sheaf Media Group. Tomamos las medidas adecuadas para proteger tu informaci\u00f3n contra accesos no autorizados, alteraciones o divulgaci\u00f3n. <\/p>\n\n<h4 class=\"wp-block-heading\">Uso de p\u00edxeles de seguimiento<\/h4>\n\n<p>Utilizamos p\u00edxeles de seguimiento para mejorar nuestros esfuerzos publicitarios. Estos p\u00edxeles recopilan datos an\u00f3nimos sobre tu comportamiento de navegaci\u00f3n en nuestro sitio web, lo que nos ayuda a mostrarte anuncios relevantes. Estos datos no est\u00e1n vinculados a tu informaci\u00f3n personal.  <\/p>\n\n<h4 class=\"wp-block-heading\">Consentimiento<\/h4>\n\n<p>Al enviar tu informaci\u00f3n personal a trav\u00e9s de nuestro formulario de contacto, aceptas que recopilemos y utilicemos tu informaci\u00f3n seg\u00fan lo descrito en este documento.<\/p>\n\n<h4 class=\"wp-block-heading\">Informaci\u00f3n de contacto<\/h4>\n\n<p>Para cualquier pregunta o inquietud sobre nuestras pr\u00e1cticas de recopilaci\u00f3n de informaci\u00f3n personal, por favor cont\u00e1ctanos en:<\/p>\n\n<p><strong>Sheaf Media Group<\/strong><br\/>Correo electr\u00f3nico: info@sheafmediagroup.com<\/p>\n\n<p><\/p>\n","protected":false},"excerpt":{"rendered":"<p>Introducci\u00f3n Bienvenido a Sheaf Media Group. Estamos comprometidos a proteger tu privacidad y garantizar la seguridad de tu informaci\u00f3n personal. Esta pol\u00edtica de privacidad describe c\u00f3mo recopilamos, usamos y protegemos tu informaci\u00f3n cuando visitas nuestro sitio web: https:\/\/sheafmediagroup.com. Informaci\u00f3n que recopilamos Cuando visitas nuestro sitio web y completas nuestro formulario de contacto, recopilamos la siguiente [&hellip;]<\/p>\n","protected":false},"author":1,"featured_media":0,"parent":0,"menu_order":0,"comment_status":"closed","ping_status":"open","template":"","meta":{"site-sidebar-layout":"default","site-content-layout":"default","ast-site-content-layout":"default","site-content-style":"default","site-sidebar-style":"default","ast-global-header-display":"","ast-banner-title-visibility":"","ast-main-header-display":"","ast-hfb-above-header-display":"","ast-hfb-below-header-display":"","ast-hfb-mobile-header-display":"","site-post-title":"","ast-breadcrumbs-content":"","ast-featured-img":"","footer-sml-layout":"","ast-disable-related-posts":"","theme-transparent-header-meta":"default","adv-header-id-meta":"","stick-header-meta":"","header-above-stick-meta":"","header-main-stick-meta":"","header-below-stick-meta":"","astra-migrate-meta-layouts":"default","ast-page-background-enabled":"default","ast-page-background-meta":{"desktop":{"background-color":"","background-image":"","background-repeat":"repeat","background-position":"center center","background-size":"auto","background-attachment":"scroll","background-type":"","background-media":"","overlay-type":"","overlay-color":"","overlay-opacity":"","overlay-gradient":""},"tablet":{"background-color":"","background-image":"","background-repeat":"repeat","background-position":"center center","background-size":"auto","background-attachment":"scroll","background-type":"","background-media":"","overlay-type":"","overlay-color":"","overlay-opacity":"","overlay-gradient":""},"mobile":{"background-color":"","background-image":"","background-repeat":"repeat","background-position":"center center","background-size":"auto","background-attachment":"scroll","background-type":"","background-media":"","overlay-type":"","overlay-color":"","overlay-opacity":"","overlay-gradient":""}},"ast-content-background-meta":{"desktop":{"background-color":"var(--ast-global-color-5)","background-image":"","background-repeat":"repeat","background-position":"center center","background-size":"auto","background-attachment":"scroll","background-type":"","background-media":"","overlay-type":"","overlay-color":"","overlay-opacity":"","overlay-gradient":""},"tablet":{"background-color":"var(--ast-global-color-5)","background-image":"","background-repeat":"repeat","background-position":"center center","background-size":"auto","background-attachment":"scroll","background-type":"","background-media":"","overlay-type":"","overlay-color":"","overlay-opacity":"","overlay-gradient":""},"mobile":{"background-color":"var(--ast-global-color-5)","background-image":"","background-repeat":"repeat","background-position":"center center","background-size":"auto","background-attachment":"scroll","background-type":"","background-media":"","overlay-type":"","overlay-color":"","overlay-opacity":"","overlay-gradient":""}},"footnotes":""},"class_list":["post-2158","page","type-page","status-publish","hentry"],"_links":{"self":[{"href":"https:\/\/sheafmediagroup.com\/es\/wp-json\/wp\/v2\/pages\/2158","targetHints":{"allow":["GET"]}}],"collection":[{"href":"https:\/\/sheafmediagroup.com\/es\/wp-json\/wp\/v2\/pages"}],"about":[{"href":"https:\/\/sheafmediagroup.com\/es\/wp-json\/wp\/v2\/types\/page"}],"author":[{"embeddable":true,"href":"https:\/\/sheafmediagroup.com\/es\/wp-json\/wp\/v2\/users\/1"}],"replies":[{"embeddable":true,"href":"https:\/\/sheafmediagroup.com\/es\/wp-json\/wp\/v2\/comments?post=2158"}],"version-history":[{"count":0,"href":"https:\/\/sheafmediagroup.com\/es\/wp-json\/wp\/v2\/pages\/2158\/revisions"}],"wp:attachment":[{"href":"https:\/\/sheafmediagroup.com\/es\/wp-json\/wp\/v2\/media?parent=2158"}],"curies":[{"name":"wp","href":"https:\/\/api.w.org\/{rel}","templated":true}]}}